{"id":8,"date":"2010-08-02T22:50:00","date_gmt":"2010-08-02T20:50:00","guid":{"rendered":"http:\/\/www.schustfinanz.de\/cms\/?page_id=8"},"modified":"2025-01-03T14:36:58","modified_gmt":"2025-01-03T13:36:58","slug":"impressum","status":"publish","type":"page","link":"https:\/\/www.schustfinanz.de\/?page_id=8","title":{"rendered":"Impressum"},"content":{"rendered":"<p>Schust Finanz GmbH<br \/>\nCaspar-They\u00df-Stra\u00dfe 14a<br \/>\n14193 Berlin<\/p>\n<p>Bis zum 31.12.2024<\/p>\n<p>Kaiserdamm 83 in 14057 Berlin<\/p>\n<p>Vertreten durch:<\/p>\n<p>Guido Schust (Gesch\u00e4ftsf\u00fchrer)<\/p>\n<h3>Kontakt:<\/h3>\n<table>\n<tbody>\n<tr>\n<td>Telefon:<\/td>\n<td>030\/88715355<\/td>\n<\/tr>\n<tr>\n<td>Telefax:<\/td>\n<td>030\/88715356<\/td>\n<\/tr>\n<\/tbody>\n<\/table>\n<h3>Registereintrag:<\/h3>\n<p>Eintragung im Handelsregister.<br \/>\nRegistergericht:Amtsgericht Berlin Charlottenburg<br \/>\nRegisternummer: HRB 122948 B<\/p>\n<p>Umsatzsteuer-Identifikationsnummer gem\u00e4\u00df \u00a727 a Umsatzsteuergesetz: DE294825692<\/p>\n<h3>Aufsichtsbeh\u00f6rde:<\/h3>\n<div class=\"page\" title=\"Page 1\">\n<div class=\"section\">\n<div class=\"layoutArea\">\n<div class=\"column\">\n<p>BA Charlottenburg-Wilmersdorf<\/p>\n<\/div>\n<\/div>\n<\/div>\n<\/div>\n<p>Otto-Suhr-Allee 100<br \/>\n10585 Berlin<br \/>\nPostanschrift: 10617 Berlin<\/p>\n<p>Gewerbeerlaubnis f\u00fcr die Vermittlung von <em>Immobilien und Darlehen<\/em> gem\u00e4\u00df \u00a0\u00a7 34c GewO Abs. 1 Satz 1 GewO \u00a0und \u00a0\u00a0\u00a7 34i \u00a0Abs. 1 Satz 1 GewO;<\/p>\n<div class=\"page\" title=\"Page 1\">\n<div class=\"section\">\n<div class=\"layoutArea\">\n<div class=\"column\">\n<p>Gewerbeerlaubnis f\u00fcr die T\u00e4tigkeit als <em>Immobiliardarlehensvermittler<\/em> nach \u00a0 \u00a7 34i Abs. 1 Satz 1 GewO;<\/p>\n<p>Kammer:<\/p>\n<p>Industrie- und Handelskammer zu Berlin<br \/>\nFasanenstra\u00dfe 85<br \/>\n10623 Berlin<br \/>\nTelefon: +49 30 31510-0<br \/>\nTelefax: +49 30 31510-166<\/p>\n<\/div>\n<\/div>\n<\/div>\n<\/div>\n<p><span style=\"font-size: 14pt;\">Angaben zur Berufshaftpflichtversicherung:<\/span><\/p>\n<p>Name und Sitz der Gesellschaft:<br \/>\nAllianz Versicherungs- Aktiengesellschaft<\/p>\n<p>Allianz Versicherungs AG 10900 Berlin<\/p>\n<p>Versicherungsscheinnummer: GHV 10\/0450\/5912122\/110<\/p>\n<h3>Haftungsausschluss:<\/h3>\n<p><strong>Haftung f\u00fcr Inhalte<\/strong><\/p>\n<p>Die Inhalte unserer Seiten wurden mit gr\u00f6\u00dfter Sorgfalt erstellt.F\u00fcr die Richtigkeit, Vollst\u00e4ndigkeit und Aktualit\u00e4t der Inhalte\u00a0k\u00f6nnen wir jedoch keine Gew\u00e4hr \u00fcbernehmen. Als Diensteanbieter sind wir gem\u00e4\u00df \u00a7 7 Abs.1 TMG f\u00fcr\u00a0eigene Inhalte auf diesen Seiten nach den allgemeinen Gesetzen verantwortlich.\u00a0Nach \u00a7\u00a7 8 bis 10 TMG sind wir als Diensteanbieter jedoch nicht\u00a0verpflichtet, \u00fcbermittelte oder gespeicherte fremde Informationen zu\u00a0\u00fcberwachen oder nach Umst\u00e4nden zu forschen, die auf eine rechtswidrige\u00a0T\u00e4tigkeit hinweisen. Verpflichtungen zur Entfernung oder Sperrung der\u00a0Nutzung von Informationen nach den allgemeinen Gesetzen bleiben hiervon\u00a0unber\u00fchrt. Eine diesbez\u00fcgliche Haftung ist jedoch erst ab dem\u00a0Zeitpunkt der Kenntnis einer konkreten Rechtsverletzung m\u00f6glich. Bei\u00a0Bekanntwerden von entsprechenden Rechtsverletzungen werden wir diese Inhalte\u00a0umgehend entfernen.<\/p>\n<p><strong>Haftung f\u00fcr Links<\/strong><\/p>\n<p>Unser Angebot enth\u00e4lt Links zu externen Webseiten Dritter, auf deren\u00a0Inhalte wir keinen Einfluss haben. Deshalb k\u00f6nnen wir f\u00fcr diese\u00a0fremden Inhalte auch keine Gew\u00e4hr \u00fcbernehmen. F\u00fcr die Inhalte\u00a0der verlinkten Seiten ist stets der jeweilige Anbieter oder Betreiber der\u00a0Seiten verantwortlich. Die verlinkten Seiten wurden zum Zeitpunkt der Verlinkung\u00a0auf m\u00f6gliche Rechtsverst\u00f6\u00dfe \u00fcberpr\u00fcft. Rechtswidrige\u00a0Inhalte waren zum Zeitpunkt der Verlinkung nicht erkennbar. Eine permanente\u00a0inhaltliche Kontrolle der verlinkten Seiten ist jedoch ohne konkrete Anhaltspunkte\u00a0einer Rechtsverletzung nicht zumutbar. Bei Bekanntwerden von Rechtsverletzungen\u00a0werden wir derartige Links umgehend entfernen.<\/p>\n<p><strong>Urheberrecht<\/strong><\/p>\n<p>Die durch die Seitenbetreiber erstellten Inhalte und Werke auf diesen Seiten<br \/>\nunterliegen dem deutschen Urheberrecht. Die Vervielf\u00e4ltigung, Bearbeitung, Verbreitung und\u00a0jede Art der Verwertung au\u00dferhalb der Grenzen des Urheberrechtes bed\u00fcrfen\u00a0der schriftlichen Zustimmung des jeweiligen Autors bzw. Erstellers. Downloads\u00a0und Kopien dieser Seite sind nur f\u00fcr den privaten, nicht kommerziellen\u00a0Gebrauch gestattet. Soweit die Inhalte auf dieser Seite nicht vom Betreiber erstellt wurden,\u00a0werden die Urheberrechte Dritter beachtet. Insbesondere werden Inhalte Dritter als solche\u00a0gekennzeichnet. Sollten Sie trotzdem auf eine Urheberrechtsverletzung aufmerksam werden, bitten wir um einen entsprechenden Hinweis.\u00a0Bei Bekanntwerden von Rechtsverletzungen werden wir derartige Inhalte umgehend entfernen.<\/p>\n<p><a href=\"https:\/\/www.schustfinanz.de\/?page_id=919\" target=\"_blank\" rel=\"noopener noreferrer\"><strong>Datenschutzerkl\u00e4rung<\/strong><\/a><\/p>\n","protected":false},"excerpt":{"rendered":"<p>Schust Finanz GmbH Caspar-They\u00df-Stra\u00dfe 14a 14193 Berlin Bis zum 31.12.2024 Kaiserdamm 83 in 14057 Berlin Vertreten durch: Guido Schust (Gesch\u00e4ftsf\u00fchrer) Kontakt: Telefon: 030\/88715355 Telefax: 030\/88715356 Registereintrag: Eintragung im Handelsregister. Registergericht:Amtsgericht Berlin Charlottenburg Registernummer: HRB 122948 B Umsatzsteuer-Identifikationsnummer gem\u00e4\u00df \u00a727 a Umsatzsteuergesetz: DE294825692 Aufsichtsbeh\u00f6rde: BA Charlottenburg-Wilmersdorf Otto-Suhr-Allee 100 10585 Berlin Postanschrift: 10617 Berlin Gewerbeerlaubnis f\u00fcr die &hellip; <\/p>\n<p class=\"link-more\"><a href=\"https:\/\/www.schustfinanz.de\/?page_id=8\" class=\"more-link\"><span class=\"screen-reader-text\">\u201eImpressum\u201c<\/span> weiterlesen<\/a><\/p>\n","protected":false},"author":1,"featured_media":0,"parent":0,"menu_order":99,"comment_status":"closed","ping_status":"closed","template":"","meta":{"footnotes":""},"class_list":["post-8","page","type-page","status-publish","hentry"],"_links":{"self":[{"href":"https:\/\/www.schustfinanz.de\/index.php?rest_route=\/wp\/v2\/pages\/8","targetHints":{"allow":["GET"]}}],"collection":[{"href":"https:\/\/www.schustfinanz.de\/index.php?rest_route=\/wp\/v2\/pages"}],"about":[{"href":"https:\/\/www.schustfinanz.de\/index.php?rest_route=\/wp\/v2\/types\/page"}],"author":[{"embeddable":true,"href":"https:\/\/www.schustfinanz.de\/index.php?rest_route=\/wp\/v2\/users\/1"}],"replies":[{"embeddable":true,"href":"https:\/\/www.schustfinanz.de\/index.php?rest_route=%2Fwp%2Fv2%2Fcomments&post=8"}],"version-history":[{"count":60,"href":"https:\/\/www.schustfinanz.de\/index.php?rest_route=\/wp\/v2\/pages\/8\/revisions"}],"predecessor-version":[{"id":967,"href":"https:\/\/www.schustfinanz.de\/index.php?rest_route=\/wp\/v2\/pages\/8\/revisions\/967"}],"wp:attachment":[{"href":"https:\/\/www.schustfinanz.de\/index.php?rest_route=%2Fwp%2Fv2%2Fmedia&parent=8"}],"curies":[{"name":"wp","href":"https:\/\/api.w.org\/{rel}","templated":true}]}}