{"id":769,"date":"2017-10-17T18:29:56","date_gmt":"2017-10-17T16:29:56","guid":{"rendered":"http:\/\/www.schustfinanz.de\/cms\/?page_id=769"},"modified":"2017-10-17T20:29:01","modified_gmt":"2017-10-17T18:29:01","slug":"nuetzliche-hinweise-zum-verkauf-ihrer-privaten-immobilie","status":"publish","type":"page","link":"https:\/\/www.schustfinanz.de\/?page_id=769","title":{"rendered":"N\u00fctzliche Hinweise zum Verkauf Ihrer privaten Immobilie"},"content":{"rendered":"<h4>1. Preisfindung<\/h4>\n<p>Ermittlung des Marktwertes der Immobilie, anhand von Internetplattformen und Zeitungsinseraten.<br \/>\nDabei ist folgendes zu beachten:<\/p>\n<ul>\n<li>die Art und die Lage der Immobilie<\/li>\n<li>die Grundst\u00fccksgr\u00f6\u00dfe<\/li>\n<li>die Wohnfl\u00e4che<\/li>\n<li>der Ausstattungsstandard<\/li>\n<li>das Baujahr<\/li>\n<li>durchgef\u00fchrte Renovierungen und Modernisierungen<\/li>\n<li><span style=\"font-size: 1rem;\">mitverkauftes Inventar<\/span><\/li>\n<\/ul>\n<h4>2. Die Planung des Verkaufs<\/h4>\n<p>Es ist wichtig, den Verkauf vorher richtig zu planen. Unter Druck verkaufen zu m\u00fcssen, birgt oft<br \/>\ndie Gefahr, mit Verlust zu verkaufen. Nachfolgendes sollte beachtet werden:<\/p>\n<ul>\n<li>Beschaffung der n\u00f6tigen Unterlagen<\/li>\n<li>Optimale Pr\u00e4sentation der Immobilie<\/li>\n<li>Besichtigungen<\/li>\n<li>Erreichbarkeit f\u00fcr Interessenten<\/li>\n<\/ul>\n<h4>3. Die Zusammenstellung wichtiger Unterlagen f\u00fcr die Bank<\/h4>\n<p>Ein Kaufinteressent ben\u00f6tigt zur Finanzierung der Immobilie durch die Bank folgende Unterlagen:<\/p>\n<ul>\n<li>Grundbuchauszug mit den Teilen I-III<\/li>\n<li>Auszug aus dem Baulastenverzeichnis<\/li>\n<li>Grundrisse \/ Schnittzeichnungen<\/li>\n<li>Wohn- \/ Nutzfl\u00e4chenberechnung<\/li>\n<li>Rechnungen zu Abgaben (z. B. Abfall, \u00d6l, Gas, Strom)<\/li>\n<li>Renovierungs- \/ Sanierungsma\u00dfnahmen (vollendete \/ anstehende)<\/li>\n<li>Versicherungspolicen zum Wohngeb\u00e4udMietvertrag bei Vermietung<\/li>\n<li>Baubeschreibung \/ Baugenehmigungen<\/li>\n<li>Energieausweis<\/li>\n<li>Lageplan \/ Liegenschaftskarte<\/li>\n<li>Aktueller Grundsteuerbescheid<\/li>\n<\/ul>\n<h4>4. Werbema\u00dfnahmen<\/h4>\n<p>Es ist wichtig, sich zu \u00fcberlegen, welche Zielgruppe angesprochen werden soll. Dies kann man<br \/>\nauf verschiedene Art und Weise tun. Hier ein paar M\u00f6glichkeiten:<\/p>\n<ul>\n<li>Zeitungsinserate<\/li>\n<li>Internetportale<\/li>\n<li>durch Mundpropaganda<\/li>\n<\/ul>\n<h4>5. Keine falschen Hoffnungen wecken<\/h4>\n<p>Realistisch bleiben beim Verkaufspreis, sowie bei der Beschreibung der Immobilie.<br \/>\nDas l\u00e4sst sich auch gut durch Freunde und Bekannte, mithilfe deren Meinung durchf\u00fchren.<br \/>\nEs ist wichtig, bei der Darstellung der Immobilie neutral zu bleiben.<\/p>\n<h4>6. Erreichbarkeit f\u00fcr Interessenten<\/h4>\n<p>f\u00fcr Kaufinteressenten immer erreichbar sein, telefonisch oder per E- Mail.<\/p>\n<h4>7. Verkaufsdauer<\/h4>\n<p>Planen Sie f\u00fcr den Verkauf Ihrer Immobilie gen\u00fcgend Zeit ein. Bei einem Verkauf unter Zugzwang, kann man oft nur einen geringeren Preis erzielen. Es sollte aber ein z\u00fcgiger Verkauf angestrebt werden, um einen h\u00f6heren Preis zu erzielen. Man rechnet vom Vertragsabschluss bis zur Kaufpreiszahlung bzw. Besitz\u00fcbergang ca. sechs bis zw\u00f6lf Wochen.<\/p>\n<h4>8. Erste Kontaktaufnahme<\/h4>\n<p>Wenn sich Interessenten auf die Werbung melden, sollte man vorsichtig mit der Preisgabe eigener Angaben sein. Es ist wichtig sich Name, Adresse und Telefonnummer geben zu lassen und diese gegebenenfalls zu \u00fcberpr\u00fcfen.<br \/>\nEinige Angaben, die f\u00fcr den ersten Kontakt wichtig sind:<\/p>\n<ul>\n<li>Anschrift der Immobilie<\/li>\n<li>Gr\u00f6\u00dfe Wohn- \/ Nutzfl\u00e4che<\/li>\n<li>Gr\u00f6\u00dfe Grundst\u00fcck<\/li>\n<li>Renovierungsma\u00dfnahmen \/ Modernisierungen<\/li>\n<li>Baujahr auch von eventuellen Anbauten<\/li>\n<li>Ausstattung (Fenster, Heizung, Dach)<\/li>\n<li>M\u00f6glicher \u00dcbergabezeitpunkt<\/li>\n<\/ul>\n<h4>9. Erstes Telefonat<\/h4>\n<p>Nicht zu viele Ausk\u00fcnfte erteilen, sondern den Interessenten fragen, wonach er genau sucht. Detailinformationen erst bei einem pers\u00f6nlichen Termin preisgeben. Erst dann kann man einsch\u00e4tzen, ob der Interessent wirkliches Interesse zeigt.<\/p>\n<ul>\n<li><span style=\"font-size: 1rem;\">Versendung des Expos\u00e9s nur bei Interesse<\/span><\/li>\n<li><span style=\"font-size: 1rem;\">Detailinformationen im pers\u00f6nlichen Gespr\u00e4ch<\/span><\/li>\n<li><span style=\"font-size: 1rem;\">Keine Preisverhandlung vor Erstbesichtigung<\/span><\/li>\n<li><span style=\"font-size: 1rem;\">Keine Zeiten angeben, an denen Sie nicht zu Hause sind (Einbruchsgefahr)<\/span><\/li>\n<\/ul>\n<h4>10. Pr\u00e4sentation der Immobilie<\/h4>\n<p>Pr\u00e4sentieren Sie Ihre Immobilie im besten Licht.<br \/>\nHomestyling f\u00fcr Ihre Immobilie<\/p>\n<ul>\n<li>Au\u00dfenanlagen herrichten (Rasen m\u00e4hen, Einfahrt fegen, Gartenpflege)<\/li>\n<li>Pers\u00f6nliche Dinge wegr\u00e4umen<\/li>\n<li>F\u00fcr eine gute Ausleuchtung sorgen<\/li>\n<li>L\u00fcften<\/li>\n<li>Betten, Decken, Handt\u00fccher ordentlich zusammenlegen<\/li>\n<li>Top aufr\u00e4umen und reinigen<\/li>\n<li>Essensreste und -ger\u00fcche verbannen<\/li>\n<li>Haustiere sollten nicht st\u00f6ren<\/li>\n<\/ul>\n<h4>11. Die Besichtigung<\/h4>\n<p>Der erste Eindruck ist der entscheidende und der letzte bleibt im Kopf. Dekorieren Sie Blumen im Eingangsbereich und beenden Sie die Besichtigung im sch\u00f6nsten Raum Ihrer Immobilie.<br \/>\nAblauf der Besichtigung<\/p>\n<ul>\n<li>Max. 30 Minuten sollte die Besichtigung dauern<\/li>\n<li>In der obersten Etage beginnen<\/li>\n<li>Von Etage zu Etage bis in das Erdgeschoss<\/li>\n<li>Beenden Sie die Besichtigung im sch\u00f6nsten Raum<\/li>\n<li>Beantworten Sie Fragen offen und ehrlich<\/li>\n<li>Zu pers\u00f6nliche Fragen brauchen Sie nicht zu beantworten<\/li>\n<\/ul>\n<h4>12. Die Preisverhandlung<\/h4>\n<p>Bei der ersten Besichtigung sollte man auf Preisverhandlungen verzichten. Man wird oft danach gefragt, um sich zu vergewissern, ob eine Verhandlungsbereitschaft vorliegt.<br \/>\nEinige Tipps dazu:<\/p>\n<ul>\n<li>Verweisen Sie auf Ihren Angebotspreis. Dieser wurde von Ihnen vorweg gut recherchiert.<\/li>\n<li>Der Marktwert wurde genau analysiert und evtl. Modernisierungsarbeiten ber\u00fccksichtigt.<\/li>\n<\/ul>\n<h4>13. Die Finanzierung<\/h4>\n<p>Bei fast jedem Immobilienkauf oder -verkauf wird die Finanzierung durch eine Bank realisiert.<br \/>\nDen Kaufpreis erhalten Sie dann von der finanzierenden Bank.<br \/>\nDie Pr\u00fcfung der Bonit\u00e4t des K\u00e4ufers erm\u00f6glicht dem Verk\u00e4ufer eine realistische Einsch\u00e4tzung, ob der K\u00e4ufer in der Lage sein wird, den Kaufpreis einschlie\u00dflich der Nebenkosten (Grundbuchkosten, Notargeb\u00fchren und Grunderwerbssteuer) vereinbarungsgem\u00e4\u00df aufzubringen.<br \/>\nDas gilt es zu ber\u00fccksichtigen:<\/p>\n<ul>\n<li>Abl\u00f6sung des eventuell eigenen Darlehens kl\u00e4ren<\/li>\n<li>Muss eine Vorf\u00e4lligkeitsentsch\u00e4digung gezahlt werden?<\/li>\n<li>Wie veranlasse ich die L\u00f6schung der Grundschuld?<\/li>\n<li>Steht die Finanzierung des Interessenten?<\/li>\n<li>Erst nach der schriftlichen Best\u00e4tigung der finanzierenden Bank den Notar beauftragen!<\/li>\n<\/ul>\n<h4>14. Die Haftung<\/h4>\n<p>F\u00fcr alle Ausk\u00fcnfte, die Sie \u00fcber Ihre Immobilie gegen\u00fcber dem K\u00e4ufer erteilen, haften Sie. Pr\u00fcfen Sie daher sorgf\u00e4ltig alle Unterlagen und Bedingungen.<\/p>\n<h4>15. Der Kaufvertag<\/h4>\n<p>Ein Kaufvertrag \u00fcber eine Immobilie wird erst mit der Beurkundung durch den Notar wirksam. Der Notar muss unabh\u00e4ngig und unparteiisch sein. Seine Mitwirkung dient in erster Linie dem Schutz der Beteiligten, f\u00fcr die es fast immer um erhebliche wirtschaftliche Werte geht. Der Notar stellt nicht die Bonit\u00e4tssolvenz des K\u00e4ufers fest. Alle vertraglichen Bedingungen m\u00fcssen vorab zwischen Verk\u00e4ufer gekl\u00e4rt werden.<br \/>\nUnser Tipp f\u00fcr Sie:<br \/>\nDer Notar ersetzt keine Rechtsberatung! Er stellt lediglich die Rechtssicherheit des Vertrages fest und sorgt f\u00fcr den geordneten \u00dcbergang von der Zahlung zu Eigentums\u00fcbertragung!<\/p>\n","protected":false},"excerpt":{"rendered":"<p>1. Preisfindung Ermittlung des Marktwertes der Immobilie, anhand von Internetplattformen und Zeitungsinseraten. Dabei ist folgendes zu beachten: die Art und die Lage der Immobilie die Grundst\u00fccksgr\u00f6\u00dfe die Wohnfl\u00e4che der Ausstattungsstandard das Baujahr durchgef\u00fchrte Renovierungen und Modernisierungen mitverkauftes Inventar 2. Die Planung des Verkaufs Es ist wichtig, den Verkauf vorher richtig zu planen. Unter Druck verkaufen &hellip; <\/p>\n<p class=\"link-more\"><a href=\"https:\/\/www.schustfinanz.de\/?page_id=769\" class=\"more-link\"><span class=\"screen-reader-text\">\u201eN\u00fctzliche Hinweise zum Verkauf Ihrer privaten Immobilie\u201c<\/span> weiterlesen<\/a><\/p>\n","protected":false},"author":1,"featured_media":0,"parent":735,"menu_order":1,"comment_status":"closed","ping_status":"closed","template":"","meta":{"footnotes":""},"class_list":["post-769","page","type-page","status-publish","hentry"],"_links":{"self":[{"href":"https:\/\/www.schustfinanz.de\/index.php?rest_route=\/wp\/v2\/pages\/769","targetHints":{"allow":["GET"]}}],"collection":[{"href":"https:\/\/www.schustfinanz.de\/index.php?rest_route=\/wp\/v2\/pages"}],"about":[{"href":"https:\/\/www.schustfinanz.de\/index.php?rest_route=\/wp\/v2\/types\/page"}],"author":[{"embeddable":true,"href":"https:\/\/www.schustfinanz.de\/index.php?rest_route=\/wp\/v2\/users\/1"}],"replies":[{"embeddable":true,"href":"https:\/\/www.schustfinanz.de\/index.php?rest_route=%2Fwp%2Fv2%2Fcomments&post=769"}],"version-history":[{"count":3,"href":"https:\/\/www.schustfinanz.de\/index.php?rest_route=\/wp\/v2\/pages\/769\/revisions"}],"predecessor-version":[{"id":773,"href":"https:\/\/www.schustfinanz.de\/index.php?rest_route=\/wp\/v2\/pages\/769\/revisions\/773"}],"up":[{"embeddable":true,"href":"https:\/\/www.schustfinanz.de\/index.php?rest_route=\/wp\/v2\/pages\/735"}],"wp:attachment":[{"href":"https:\/\/www.schustfinanz.de\/index.php?rest_route=%2Fwp%2Fv2%2Fmedia&parent=769"}],"curies":[{"name":"wp","href":"https:\/\/api.w.org\/{rel}","templated":true}]}}