{"id":735,"date":"2017-10-13T14:28:12","date_gmt":"2017-10-13T12:28:12","guid":{"rendered":"http:\/\/www.schustfinanz.de\/cms\/?page_id=735"},"modified":"2025-01-03T14:34:34","modified_gmt":"2025-01-03T13:34:34","slug":"service","status":"publish","type":"page","link":"https:\/\/www.schustfinanz.de\/?page_id=735","title":{"rendered":"Service"},"content":{"rendered":"<p>Innerhalb 48h senden wir Ihnen, basierend auf Ihren Angaben, ein ma\u00dfgeschneidertes Angebot mit unseren Top Konditionen zu.<\/p>\n<p>Der Kauf einer Immobilie ist f\u00fcr die meisten Menschen eine der wichtigsten Entscheidungen im Leben.<\/p>\n<p>Als qualifiziertes, unabh\u00e4ngiges Unternehmen stehen wir Ihnen auch bei diesem schwierigen Thema, der Immobilienfinanzierung, hilfreich zur Seite.<\/p>\n<p>Wie geht man am besten an die ganze Sache heran?<\/p>\n<p>Zun\u00e4chst m\u00fcssen nat\u00fcrlich einige Fragen gekl\u00e4rt werden, beispielsweise wie viel Eigenkapital Sie f\u00fcr den Kauf der Immobilie aufbringen k\u00f6nnen oder wie hoch die monatliche Belastung ausfallen darf.Wann soll das Darlehen zur\u00fcck bezahlt sein?Kann ich mich gegen Risiken absichern?<\/p>\n<p>Zus\u00e4tzlich wird gepr\u00fcft, ob m\u00f6glicherweise F\u00f6rderm\u00f6glichkeiten (KfW-Darlehen) f\u00fcr die Modernisierung oder den Kauf Ihrer Immobilie angeboten werden. Ist Ihre zuk\u00fcnftige Immobilie auch Ihr Wunschobjekt oder z\u00f6gern sie ev. noch?<\/p>\n<p>Eine Einwertung Ihrer Immobilie, ob das Preis-Leistungsverh\u00e4ltnis in Ordnung ist, pr\u00fcfen wir auch f\u00fcr Sie oder empfehlen erstklassige Gutachter.<br \/>\nWir sorgen daf\u00fcr, dass nicht nur Ihre Immobilie, sondern auch die Finanzierung perfekt zu Ihnen passt.<br \/>\nIm Bereich der Immobilienfinanzierung gibt es vielf\u00e4ltige M\u00f6glichkeiten. Daher lassen Sie sich von uns individuell und kompetent beraten.<\/p>\n<p>Die Schust Finanz GmbH begleitet Sie w\u00e4hrend der Finanzierung, damit Ihr Traum auch Wirklichkeit wird. Nur wenige Menschen sind in der Lage, ihre Traumimmobilie durch eigene Ersparnisse bar zu bezahlen, daher ist eine solide Finanzplanung und eine erstklassige Finanzierungsberatung die Voraussetzung f\u00fcr den Erwerb einer Immobilie.<\/p>\n<p><em>Hier folgen noch Tipps zum Kauf oder Verkauf Ihrer Immobilie:<\/em><\/p>\n<p><a href=\"https:\/\/www.schustfinanz.de\/?page_id=769\">N\u00fctzliche Hinweise zum Verkauf Ihrer privaten Immobilie<\/a><\/p>\n","protected":false},"excerpt":{"rendered":"<p>Innerhalb 48h senden wir Ihnen, basierend auf Ihren Angaben, ein ma\u00dfgeschneidertes Angebot mit unseren Top Konditionen zu. Der Kauf einer Immobilie ist f\u00fcr die meisten Menschen eine der wichtigsten Entscheidungen im Leben. Als qualifiziertes, unabh\u00e4ngiges Unternehmen stehen wir Ihnen auch bei diesem schwierigen Thema, der Immobilienfinanzierung, hilfreich zur Seite. Wie geht man am besten an &hellip; <\/p>\n<p class=\"link-more\"><a href=\"https:\/\/www.schustfinanz.de\/?page_id=735\" class=\"more-link\"><span class=\"screen-reader-text\">\u201eService\u201c<\/span> weiterlesen<\/a><\/p>\n","protected":false},"author":1,"featured_media":718,"parent":0,"menu_order":4,"comment_status":"closed","ping_status":"closed","template":"","meta":{"footnotes":""},"class_list":["post-735","page","type-page","status-publish","has-post-thumbnail","hentry"],"_links":{"self":[{"href":"https:\/\/www.schustfinanz.de\/index.php?rest_route=\/wp\/v2\/pages\/735","targetHints":{"allow":["GET"]}}],"collection":[{"href":"https:\/\/www.schustfinanz.de\/index.php?rest_route=\/wp\/v2\/pages"}],"about":[{"href":"https:\/\/www.schustfinanz.de\/index.php?rest_route=\/wp\/v2\/types\/page"}],"author":[{"embeddable":true,"href":"https:\/\/www.schustfinanz.de\/index.php?rest_route=\/wp\/v2\/users\/1"}],"replies":[{"embeddable":true,"href":"https:\/\/www.schustfinanz.de\/index.php?rest_route=%2Fwp%2Fv2%2Fcomments&post=735"}],"version-history":[{"count":35,"href":"https:\/\/www.schustfinanz.de\/index.php?rest_route=\/wp\/v2\/pages\/735\/revisions"}],"predecessor-version":[{"id":966,"href":"https:\/\/www.schustfinanz.de\/index.php?rest_route=\/wp\/v2\/pages\/735\/revisions\/966"}],"wp:featuredmedia":[{"embeddable":true,"href":"https:\/\/www.schustfinanz.de\/index.php?rest_route=\/wp\/v2\/media\/718"}],"wp:attachment":[{"href":"https:\/\/www.schustfinanz.de\/index.php?rest_route=%2Fwp%2Fv2%2Fmedia&parent=735"}],"curies":[{"name":"wp","href":"https:\/\/api.w.org\/{rel}","templated":true}]}}