{"id":535,"date":"2017-01-23T11:23:13","date_gmt":"2017-01-23T10:23:13","guid":{"rendered":"http:\/\/www.schustfinanz.de\/cms\/?page_id=535"},"modified":"2025-01-03T14:32:45","modified_gmt":"2025-01-03T13:32:45","slug":"schust-finanz-gmbh","status":"publish","type":"page","link":"https:\/\/www.schustfinanz.de\/","title":{"rendered":"Baufinanzierung &#038; Real Estate Broker"},"content":{"rendered":"<p><span style=\"color: #fe9800;\">Schust Finanz GmbH <\/span> ist ein national und international t\u00e4tiges Unternehmen f\u00fcr die Bereiche Baufinanzierung &amp;\u00a0als Real Estate Broker.<\/p>\n<hr \/>\n<p><span style=\"color: #fe9800;\">Baufinanzierung<\/span> ist Beratung pur.<\/p>\n<p>Egal ob Sie ein neues Haus bauen wollen, ein \u00e4lteres Haus kaufen, eine sch\u00f6ne Eigentumswohnung erwerben m\u00f6chten oder nur ein Grundst\u00fcck zum Kauf ansteht. Wir bieten Ihnen eine erstklassige, unabh\u00e4ngige Beratung zu den Themen Baufinanzierung und der Kreditvermittlung in Zusammenarbeit mit Procheck24. Bundesweit arbeiten wir daher mit \u00fcber 300 Banken, Bausparkassen und Versicherungsgesellschaften zusammen.<\/p>\n<p>Unsere freundlichen und kompetenten Spezialisten beraten sie bei der Auswahl Ihrer Fragen und Ziele \u2013 nach R\u00fccksprache auch direkt vor Ort.<\/p>\n<hr \/>\n<p><span style=\"color: #fe9800;\">Real Estate Broker<\/span>\u00a0gibt es viele, wir versuchen einzigartig zu sein.<\/p>\n<p>Schreiben Sie uns bitte Ihr Anliegen und nutzen dazu unser <a href=\"https:\/\/www.schustfinanz.de\/?page_id=6\">Kontaktformular<\/a>.<\/p>\n<p>Herzlichen Dank.<\/p>\n","protected":false},"excerpt":{"rendered":"<p>Schust Finanz GmbH ist ein national und international t\u00e4tiges Unternehmen f\u00fcr die Bereiche Baufinanzierung &amp;\u00a0als Real Estate Broker. Baufinanzierung ist Beratung pur. Egal ob Sie ein neues Haus bauen wollen, ein \u00e4lteres Haus kaufen, eine sch\u00f6ne Eigentumswohnung erwerben m\u00f6chten oder nur ein Grundst\u00fcck zum Kauf ansteht. Wir bieten Ihnen eine erstklassige, unabh\u00e4ngige Beratung zu den &hellip; <\/p>\n<p class=\"link-more\"><a href=\"https:\/\/www.schustfinanz.de\/\" class=\"more-link\"><span class=\"screen-reader-text\">\u201eBaufinanzierung &#038; Real Estate Broker\u201c<\/span> weiterlesen<\/a><\/p>\n","protected":false},"author":1,"featured_media":719,"parent":0,"menu_order":1,"comment_status":"closed","ping_status":"closed","template":"","meta":{"footnotes":""},"class_list":["post-535","page","type-page","status-publish","has-post-thumbnail","hentry"],"_links":{"self":[{"href":"https:\/\/www.schustfinanz.de\/index.php?rest_route=\/wp\/v2\/pages\/535","targetHints":{"allow":["GET"]}}],"collection":[{"href":"https:\/\/www.schustfinanz.de\/index.php?rest_route=\/wp\/v2\/pages"}],"about":[{"href":"https:\/\/www.schustfinanz.de\/index.php?rest_route=\/wp\/v2\/types\/page"}],"author":[{"embeddable":true,"href":"https:\/\/www.schustfinanz.de\/index.php?rest_route=\/wp\/v2\/users\/1"}],"replies":[{"embeddable":true,"href":"https:\/\/www.schustfinanz.de\/index.php?rest_route=%2Fwp%2Fv2%2Fcomments&post=535"}],"version-history":[{"count":42,"href":"https:\/\/www.schustfinanz.de\/index.php?rest_route=\/wp\/v2\/pages\/535\/revisions"}],"predecessor-version":[{"id":963,"href":"https:\/\/www.schustfinanz.de\/index.php?rest_route=\/wp\/v2\/pages\/535\/revisions\/963"}],"wp:featuredmedia":[{"embeddable":true,"href":"https:\/\/www.schustfinanz.de\/index.php?rest_route=\/wp\/v2\/media\/719"}],"wp:attachment":[{"href":"https:\/\/www.schustfinanz.de\/index.php?rest_route=%2Fwp%2Fv2%2Fmedia&parent=535"}],"curies":[{"name":"wp","href":"https:\/\/api.w.org\/{rel}","templated":true}]}}