{"id":325,"date":"2012-03-06T18:06:22","date_gmt":"2012-03-06T17:06:22","guid":{"rendered":"http:\/\/www.schustfinanz.de\/?page_id=325"},"modified":"2017-10-31T12:53:51","modified_gmt":"2017-10-31T11:53:51","slug":"bausparen","status":"publish","type":"page","link":"https:\/\/www.schustfinanz.de\/?page_id=325","title":{"rendered":"Vom Traum zur Wirklichkeit!"},"content":{"rendered":"<p>Eine seri\u00f6se, kompetente und z\u00fcgige Bearbeitung Ihres Anliegens hat f\u00fcr uns oberste Priorit\u00e4t.<\/p>\n<p>Da wir nur mit ausgesuchten Investoren (z.B.\u00a0Family Offices) , Bautr\u00e4gern und Projektentwickler eng zusammen arbeiten, ergeben sich daraus enorme Potenziale f\u00fcr alle Seiten.<br \/>\nSollte es zu einem Teilungsgesch\u00e4ft kommen, \u00a0z\u00e4hlt der Kundenschutz, der Objektschutz und die ev. Provisionssicherungsvereinbarung unter Kollegen zur Selbstverst\u00e4ndlichkeit.<\/p>\n<p>Schreiben Sie uns bitte an.<\/p>\n<p>Herzlichen Dank.<\/p>\n<p><a href=\"https:\/\/www.schustfinanz.de\/?page_id=6\">Kontakt<\/a><\/p>\n<p>&nbsp;<\/p>\n","protected":false},"excerpt":{"rendered":"<p>Eine seri\u00f6se, kompetente und z\u00fcgige Bearbeitung Ihres Anliegens hat f\u00fcr uns oberste Priorit\u00e4t. Da wir nur mit ausgesuchten Investoren (z.B.\u00a0Family Offices) , Bautr\u00e4gern und Projektentwickler eng zusammen arbeiten, ergeben sich daraus enorme Potenziale f\u00fcr alle Seiten. Sollte es zu einem Teilungsgesch\u00e4ft kommen, \u00a0z\u00e4hlt der Kundenschutz, der Objektschutz und die ev. Provisionssicherungsvereinbarung unter Kollegen zur Selbstverst\u00e4ndlichkeit. &hellip; <\/p>\n<p class=\"link-more\"><a href=\"https:\/\/www.schustfinanz.de\/?page_id=325\" class=\"more-link\"><span class=\"screen-reader-text\">\u201eVom Traum zur Wirklichkeit!\u201c<\/span> weiterlesen<\/a><\/p>\n","protected":false},"author":1,"featured_media":726,"parent":0,"menu_order":6,"comment_status":"closed","ping_status":"closed","template":"","meta":{"footnotes":""},"class_list":["post-325","page","type-page","status-publish","has-post-thumbnail","hentry"],"_links":{"self":[{"href":"https:\/\/www.schustfinanz.de\/index.php?rest_route=\/wp\/v2\/pages\/325","targetHints":{"allow":["GET"]}}],"collection":[{"href":"https:\/\/www.schustfinanz.de\/index.php?rest_route=\/wp\/v2\/pages"}],"about":[{"href":"https:\/\/www.schustfinanz.de\/index.php?rest_route=\/wp\/v2\/types\/page"}],"author":[{"embeddable":true,"href":"https:\/\/www.schustfinanz.de\/index.php?rest_route=\/wp\/v2\/users\/1"}],"replies":[{"embeddable":true,"href":"https:\/\/www.schustfinanz.de\/index.php?rest_route=%2Fwp%2Fv2%2Fcomments&post=325"}],"version-history":[{"count":42,"href":"https:\/\/www.schustfinanz.de\/index.php?rest_route=\/wp\/v2\/pages\/325\/revisions"}],"predecessor-version":[{"id":906,"href":"https:\/\/www.schustfinanz.de\/index.php?rest_route=\/wp\/v2\/pages\/325\/revisions\/906"}],"wp:featuredmedia":[{"embeddable":true,"href":"https:\/\/www.schustfinanz.de\/index.php?rest_route=\/wp\/v2\/media\/726"}],"wp:attachment":[{"href":"https:\/\/www.schustfinanz.de\/index.php?rest_route=%2Fwp%2Fv2%2Fmedia&parent=325"}],"curies":[{"name":"wp","href":"https:\/\/api.w.org\/{rel}","templated":true}]}}