{"id":2,"date":"2010-08-02T22:40:36","date_gmt":"2010-08-02T20:40:36","guid":{"rendered":"http:\/\/www.schustfinanz.de\/cms\/?page_id=2"},"modified":"2026-04-30T19:24:08","modified_gmt":"2026-04-30T17:24:08","slug":"eine-seite","status":"publish","type":"page","link":"https:\/\/www.schustfinanz.de\/?page_id=2","title":{"rendered":"Baufinanzierung"},"content":{"rendered":"<p>Die Firma Schust Finanz GmbH vergleicht f\u00fcr Sie \u00a0die zahlreiche Angebote aus Banken, Bausparkassen und Versicherungsgesellschaften.<\/p>\n<p><span style=\"font-size: 1rem;\"><strong><u>Bei folgenden Finanzierungsarten begleiten wir Sie!<\/u><\/strong><\/span><\/p>\n<ul>\n<li>Bei Neubauvorhaben wie Haus, Wohnungs- \u00a0oder Grundst\u00fccksfinanzierung \u00a0<\/li>\n<li>Bei Umschuldungen\/-Forward-Darlehen\/-Anschlussfinanzierungen<\/li>\n<li><span style=\"font-size: 1rem;\">KfW-F\u00f6rdermittel werden ber\u00fccksichtigt<\/span><\/li>\n<\/ul>\n<p><em><strong>Sie h\u00e4tten gern eine Beratung ?<\/strong><\/em><\/p>\n<p><a href=\"https:\/\/www.schustfinanz.de\/?page_id=6\">Kontaktformular<\/a>\u00a0!<\/p>\n<p>F\u00fcr Finanzierungen au\u00dferhalb der Bundesrepublik Deutschland stehen wir Ihnen mit unseren Kooperationspartnern ebenfalls \u00a0gern zur Seite.<\/p>\n\n","protected":false},"excerpt":{"rendered":"<p>Die Firma Schust Finanz GmbH vergleicht f\u00fcr Sie \u00a0die zahlreiche Angebote aus Banken, Bausparkassen und Versicherungsgesellschaften. Bei folgenden Finanzierungsarten begleiten wir Sie! Bei Neubauvorhaben wie Haus, Wohnungs- \u00a0oder Grundst\u00fccksfinanzierung \u00a0 Bei Umschuldungen\/-Forward-Darlehen\/-Anschlussfinanzierungen KfW-F\u00f6rdermittel werden ber\u00fccksichtigt Sie h\u00e4tten gern eine Beratung ? Kontaktformular\u00a0! F\u00fcr Finanzierungen au\u00dferhalb der Bundesrepublik Deutschland stehen wir Ihnen mit unseren Kooperationspartnern ebenfalls &hellip; <\/p>\n<p class=\"link-more\"><a href=\"https:\/\/www.schustfinanz.de\/?page_id=2\" class=\"more-link\"><span class=\"screen-reader-text\">\u201eBaufinanzierung\u201c<\/span> weiterlesen<\/a><\/p>\n","protected":false},"author":1,"featured_media":722,"parent":0,"menu_order":3,"comment_status":"closed","ping_status":"closed","template":"","meta":{"footnotes":""},"class_list":["post-2","page","type-page","status-publish","has-post-thumbnail","hentry"],"_links":{"self":[{"href":"https:\/\/www.schustfinanz.de\/index.php?rest_route=\/wp\/v2\/pages\/2","targetHints":{"allow":["GET"]}}],"collection":[{"href":"https:\/\/www.schustfinanz.de\/index.php?rest_route=\/wp\/v2\/pages"}],"about":[{"href":"https:\/\/www.schustfinanz.de\/index.php?rest_route=\/wp\/v2\/types\/page"}],"author":[{"embeddable":true,"href":"https:\/\/www.schustfinanz.de\/index.php?rest_route=\/wp\/v2\/users\/1"}],"replies":[{"embeddable":true,"href":"https:\/\/www.schustfinanz.de\/index.php?rest_route=%2Fwp%2Fv2%2Fcomments&post=2"}],"version-history":[{"count":66,"href":"https:\/\/www.schustfinanz.de\/index.php?rest_route=\/wp\/v2\/pages\/2\/revisions"}],"predecessor-version":[{"id":978,"href":"https:\/\/www.schustfinanz.de\/index.php?rest_route=\/wp\/v2\/pages\/2\/revisions\/978"}],"wp:featuredmedia":[{"embeddable":true,"href":"https:\/\/www.schustfinanz.de\/index.php?rest_route=\/wp\/v2\/media\/722"}],"wp:attachment":[{"href":"https:\/\/www.schustfinanz.de\/index.php?rest_route=%2Fwp%2Fv2%2Fmedia&parent=2"}],"curies":[{"name":"wp","href":"https:\/\/api.w.org\/{rel}","templated":true}]}}